{"id":496,"date":"2026-03-30T13:30:39","date_gmt":"2026-03-30T11:30:39","guid":{"rendered":"https:\/\/www.david.pricop.es\/?page_id=496"},"modified":"2026-03-30T13:40:41","modified_gmt":"2026-03-30T11:40:41","slug":"aviso-legal","status":"publish","type":"page","link":"https:\/\/www.david.pricop.es\/en\/aviso-legal\/","title":{"rendered":"Legal Notice"},"content":{"rendered":"<div data-elementor-type=\"wp-page\" data-elementor-id=\"496\" class=\"elementor elementor-496\" data-elementor-post-type=\"page\">\n\t\t\t\t<div class=\"elementor-element elementor-element-1de9c7b e-flex e-con-boxed e-con e-parent\" data-id=\"1de9c7b\" data-element_type=\"container\" data-e-type=\"container\" data-settings=\"{&quot;ekit_has_onepagescroll_dot&quot;:&quot;yes&quot;}\">\n\t\t\t\t\t<div class=\"e-con-inner\">\n\t\t\t\t<div class=\"elementor-element elementor-element-a1e014e elementor-widget elementor-widget-html\" data-id=\"a1e014e\" data-element_type=\"widget\" data-e-type=\"widget\" data-settings=\"{&quot;ekit_we_effect_on&quot;:&quot;none&quot;}\" data-widget_type=\"html.default\">\n\t\t\t\t\t<!DOCTYPE html>\r\n<html lang=\"es\">\r\n<head>\r\n    <meta charset=\"UTF-8\">\r\n    <meta name=\"viewport\" content=\"width=device-width, initial-scale=1.0\">\r\n    <title>Aviso Legal | Stack Pack<\/title>\r\n    <link href=\"https:\/\/fonts.googleapis.com\/css2?family=Montserrat:wght@300;500;800&display=swap\" rel=\"stylesheet\">\r\n    <style>\r\n        :root {\r\n            --bg-base: #07010f;\r\n            --neon-purple: #9d00ff;\r\n            --text-main: #ffffff;\r\n            --text-sec: #b0a8ba;\r\n            --glass-bg: rgba(20, 12, 35, 0.6);\r\n            --glass-border: rgba(255, 255, 255, 0.1);\r\n        }\r\n\r\n        body {\r\n            background-color: var(--bg-base);\r\n            color: var(--text-main);\r\n            font-family: 'Montserrat', sans-serif;\r\n            line-height: 1.6;\r\n            margin: 0;\r\n            padding: 0;\r\n            background-image: radial-gradient(circle at 50% 0%, rgba(157, 0, 255, 0.1) 0%, transparent 50%);\r\n        }\r\n\r\n        .container {\r\n            max-width: 800px;\r\n            margin: 4rem auto;\r\n            padding: 2rem;\r\n        }\r\n\r\n        .legal-card {\r\n            background: var(--glass-bg);\r\n            backdrop-filter: blur(20px);\r\n            border: 1px solid var(--glass-border);\r\n            border-radius: 24px;\r\n            padding: 3rem;\r\n            box-shadow: 0 20px 50px rgba(0,0,0,0.5);\r\n        }\r\n\r\n        .back-btn {\r\n            display: inline-block;\r\n            color: var(--neon-purple);\r\n            text-decoration: none;\r\n            font-weight: 800;\r\n            font-size: 0.8rem;\r\n            text-transform: uppercase;\r\n            letter-spacing: 2px;\r\n            margin-bottom: 2rem;\r\n            transition: 0.3s;\r\n        }\r\n\r\n        .back-btn:hover {\r\n            text-shadow: 0 0 10px var(--neon-purple);\r\n            transform: translateX(-5px);\r\n        }\r\n\r\n        h1 {\r\n            font-size: 2.5rem;\r\n            font-weight: 900;\r\n            text-transform: uppercase;\r\n            margin-bottom: 2rem;\r\n            background: linear-gradient(180deg, #fff, var(--neon-purple));\r\n            -webkit-background-clip: text;\r\n            -webkit-text-fill-color: transparent;\r\n        }\r\n\r\n        h2 {\r\n            color: var(--neon-purple);\r\n            font-size: 1.2rem;\r\n            margin-top: 2.5rem;\r\n            text-transform: uppercase;\r\n            border-left: 3px solid var(--neon-purple);\r\n            padding-left: 15px;\r\n        }\r\n\r\n        p, li {\r\n            color: var(--text-sec);\r\n            font-size: 1rem;\r\n            margin-bottom: 1rem;\r\n        }\r\n\r\n        strong { color: #fff; }\r\n\r\n        .contact-box {\r\n            background: rgba(157, 0, 255, 0.05);\r\n            border: 1px dashed var(--neon-purple);\r\n            padding: 20px;\r\n            border-radius: 12px;\r\n            margin-top: 1rem;\r\n        }\r\n\r\n        .last-update {\r\n            font-size: 0.8rem;\r\n            color: #555;\r\n            border-top: 1px solid var(--glass-border);\r\n            padding-top: 2rem;\r\n            margin-top: 3rem;\r\n        }\r\n\r\n        \/* Scrollbar tem\u00e1tica *\/\r\n        ::-webkit-scrollbar { width: 8px; }\r\n        ::-webkit-scrollbar-track { background: var(--bg-base); }\r\n        ::-webkit-scrollbar-thumb { background: var(--neon-purple); border-radius: 10px; }\r\n\r\n        @media (max-width: 600px) {\r\n            .container { padding: 1rem; margin: 2rem auto; }\r\n            .legal-card { padding: 1.5rem; }\r\n            h1 { font-size: 1.8rem; }\r\n        }\r\n    <\/style>\r\n<\/head>\r\n<body>\r\n\r\n    <div class=\"container\">\r\n        <a href=\"\/en\/stackpack\/\" class=\"back-btn\">\u2190 Volver al Terminal<\/a>\r\n        \r\n        <article class=\"legal-card\">\r\n            <h1>Legal Notice<\/h1>\r\n\r\n            <section>\r\n                <h2>1. Datos del Responsable<\/h2>\r\n                <p>En cumplimiento del art\u00edculo 10 de la Ley 34\/2002, de 11 de julio, de Servicios de la Sociedad de la Informaci\u00f3n y Comercio Electr\u00f3nico (LSSI-CE), se exponen los datos identificativos del titular:<\/p>\r\n                \r\n                <div class=\"contact-box\">\r\n                    <p><strong>Titular:<\/strong> David Pricop (DNP Games)<\/p>\r\n                    <p><strong>Sitio Web:<\/strong> www.david.pricop.es<\/p>\r\n                    <p><strong>Email de contacto:<\/strong> pricop.site@gmail.com<\/p>\r\n                <\/div>\r\n\r\n                <h2>2. Propiedad Intelectual<\/h2>\r\n                <p>El c\u00f3digo fuente, los dise\u00f1os gr\u00e1ficos, las im\u00e1genes, las animaciones, el software, los textos, as\u00ed como la informaci\u00f3n y los contenidos que se recogen en este sitio web y en el juego <strong>Stack Pack<\/strong> est\u00e1n protegidos por la legislaci\u00f3n espa\u00f1ola sobre los derechos de propiedad intelectual e industrial a favor de <strong>DNP Studio<\/strong>.<\/p>\r\n\r\n                <h2>3. Condiciones de Uso<\/h2>\r\n                <p>El usuario se obliga a utilizar el sitio web y el juego de forma diligente, correcta y l\u00edcita. Queda terminantemente prohibido el uso de los contenidos de esta web para fines comerciales o para su distribuci\u00f3n, comunicaci\u00f3n p\u00fablica o transformaci\u00f3n sin la autorizaci\u00f3n previa del titular.<\/p>\r\n\r\n                <h2>4. Exclusi\u00f3n de Responsabilidad<\/h2>\r\n                <p>DNP Studio no se hace responsable de los da\u00f1os y perjuicios de cualquier naturaleza que pudieran ocasionar, a t\u00edtulo enunciativo: errores u omisiones en los contenidos, falta de disponibilidad del portal o la transmisi\u00f3n de virus o programas maliciosos, a pesar de haber adoptado todas las medidas tecnol\u00f3gicas necesarias para evitarlo.<\/p>\r\n\r\n                <h2>5. Enlaces Externos<\/h2>\r\n                <p>En el caso de que en este sitio web se dispusiesen enlaces o hiperv\u00ednculos hacia otros sitios de Internet (como Discord o Google Play), DNP Games no ejercer\u00e1 ning\u00fan tipo de control sobre dichos sitios y contenidos.<\/p>\r\n            <\/section>\r\n\r\n            <div class=\"last-update\">\r\n                \u00daltima actualizaci\u00f3n: 30 de Marzo, 2026\r\n            <\/div>\r\n        <\/article>\r\n    <\/div>\r\n\r\n<\/body>\r\n<\/html>\t\t\t\t<\/div>\n\t\t\t\t\t<\/div>\n\t\t\t\t<\/div>\n\t\t\t\t<\/div>","protected":false},"excerpt":{"rendered":"<p>Aviso Legal | Stack Pack \u2190 Volver al Terminal Aviso Legal 1. Datos del Responsable En cumplimiento del art\u00edculo 10 de la Ley 34\/2002, de 11 de julio, de Servicios de la Sociedad de la Informaci\u00f3n y Comercio Electr\u00f3nico (LSSI-CE), se exponen los datos identificativos del titular: Titular: David Pricop (DNP Games) Sitio Web: www.david.pricop.es [&hellip;]<\/p>\n","protected":false},"author":1,"featured_media":0,"parent":0,"menu_order":0,"comment_status":"closed","ping_status":"closed","template":"","meta":{"postBodyCss":"","postBodyMargin":[],"postBodyPadding":[],"postBodyBackground":{"backgroundType":"classic","gradient":""},"footnotes":""},"class_list":["post-496","page","type-page","status-publish","hentry"],"_links":{"self":[{"href":"https:\/\/www.david.pricop.es\/en\/wp-json\/wp\/v2\/pages\/496","targetHints":{"allow":["GET"]}}],"collection":[{"href":"https:\/\/www.david.pricop.es\/en\/wp-json\/wp\/v2\/pages"}],"about":[{"href":"https:\/\/www.david.pricop.es\/en\/wp-json\/wp\/v2\/types\/page"}],"author":[{"embeddable":true,"href":"https:\/\/www.david.pricop.es\/en\/wp-json\/wp\/v2\/users\/1"}],"replies":[{"embeddable":true,"href":"https:\/\/www.david.pricop.es\/en\/wp-json\/wp\/v2\/comments?post=496"}],"version-history":[{"count":4,"href":"https:\/\/www.david.pricop.es\/en\/wp-json\/wp\/v2\/pages\/496\/revisions"}],"predecessor-version":[{"id":500,"href":"https:\/\/www.david.pricop.es\/en\/wp-json\/wp\/v2\/pages\/496\/revisions\/500"}],"wp:attachment":[{"href":"https:\/\/www.david.pricop.es\/en\/wp-json\/wp\/v2\/media?parent=496"}],"curies":[{"name":"wp","href":"https:\/\/api.w.org\/{rel}","templated":true}]}}